{"id":844,"date":"2023-09-01T10:08:07","date_gmt":"2023-09-01T15:08:07","guid":{"rendered":"https:\/\/abedulschooling.edu.ec\/?page_id=844"},"modified":"2023-09-05T09:09:32","modified_gmt":"2023-09-05T14:09:32","slug":"calendario-de-eventos","status":"publish","type":"page","link":"https:\/\/abedulschooling.edu.ec\/en\/calendario-de-eventos\/","title":{"rendered":"Calendar of Events"},"content":{"rendered":"<div data-elementor-type=\"wp-page\" data-elementor-id=\"844\" class=\"elementor elementor-844\" data-elementor-post-type=\"page\">\n\t\t\t\t\t\t\t<div class=\"elementor-element elementor-element-d93edca e-flex e-con-boxed e-con\" data-id=\"d93edca\" data-element_type=\"container\" data-settings=\"{&quot;background_background&quot;:&quot;classic&quot;,&quot;content_width&quot;:&quot;boxed&quot;,&quot;ekit_has_onepagescroll_dot&quot;:&quot;yes&quot;}\">\n\t\t\t\t\t<div class=\"e-con-inner\">\n\t\t\t\t<div class=\"elementor-element elementor-element-21c5c34 elementor-widget elementor-widget-heading\" data-id=\"21c5c34\" data-element_type=\"widget\" data-settings=\"{&quot;ekit_we_effect_on&quot;:&quot;none&quot;}\" data-widget_type=\"heading.default\">\n\t\t\t\t<div class=\"elementor-widget-container\">\n\t\t\t<style>\/*! elementor - v3.15.0 - 20-08-2023 *\/\n.elementor-heading-title{padding:0;margin:0;line-height:1}.elementor-widget-heading .elementor-heading-title[class*=elementor-size-]>a{color:inherit;font-size:inherit;line-height:inherit}.elementor-widget-heading .elementor-heading-title.elementor-size-small{font-size:15px}.elementor-widget-heading .elementor-heading-title.elementor-size-medium{font-size:19px}.elementor-widget-heading .elementor-heading-title.elementor-size-large{font-size:29px}.elementor-widget-heading .elementor-heading-title.elementor-size-xl{font-size:39px}.elementor-widget-heading .elementor-heading-title.elementor-size-xxl{font-size:59px}<\/style><h2 class=\"elementor-heading-title elementor-size-default\">Calendar of Events<\/h2>\t\t<\/div>\n\t\t\t\t<\/div>\n\t\t\t\t\t<\/div>\n\t\t\t\t<\/div>\n\t\t<div class=\"elementor-element elementor-element-51f8a83 e-flex e-con-boxed e-con\" data-id=\"51f8a83\" data-element_type=\"container\" data-settings=\"{&quot;content_width&quot;:&quot;boxed&quot;,&quot;ekit_has_onepagescroll_dot&quot;:&quot;yes&quot;}\">\n\t\t\t\t\t<div class=\"e-con-inner\">\n\t\t<div class=\"elementor-element elementor-element-02e4aac e-con-full e-flex e-con\" data-id=\"02e4aac\" data-element_type=\"container\" data-settings=\"{&quot;content_width&quot;:&quot;full&quot;,&quot;ekit_has_onepagescroll_dot&quot;:&quot;yes&quot;}\">\n\t\t\t\t<div class=\"elementor-element elementor-element-70f9a3e elementor-invisible elementor-widget elementor-widget-elementskit-heading\" data-id=\"70f9a3e\" data-element_type=\"widget\" data-settings=\"{&quot;_animation&quot;:&quot;fadeInLeft&quot;,&quot;ekit_we_effect_on&quot;:&quot;none&quot;}\" data-widget_type=\"elementskit-heading.default\">\n\t\t\t\t<div class=\"elementor-widget-container\">\n\t\t\t<div class=\"ekit-wid-con\" ><div class=\"ekit-heading elementskit-section-title-wraper text_left   ekit_heading_tablet-   ekit_heading_mobile-\"><h3 class=\"elementskit-section-subtitle   ekit-heading__subtitle-has-border\">\n\t\t\t\t\t\tLive the Experience\n\t\t\t\t\t<\/h3><h2 class=\"ekit-heading--title elementskit-section-title\">Explore the Vibrant World of Birch Schooling<\/h2><div class=\"ekit_heading_separetor_wraper ekit_heading_elementskit-border-divider\"><div class=\"elementskit-border-divider\"><\/div><\/div><\/div><\/div>\t\t<\/div>\n\t\t\t\t<\/div>\n\t\t\t\t<div class=\"elementor-element elementor-element-ca4f301 elementor-invisible elementor-widget elementor-widget-text-editor\" data-id=\"ca4f301\" data-element_type=\"widget\" data-settings=\"{&quot;_animation&quot;:&quot;fadeInLeft&quot;,&quot;_animation_delay&quot;:300,&quot;ekit_we_effect_on&quot;:&quot;none&quot;}\" data-widget_type=\"text-editor.default\">\n\t\t\t\t<div class=\"elementor-widget-container\">\n\t\t\t<style>\/*! elementor - v3.15.0 - 20-08-2023 *\/\n.elementor-widget-text-editor.elementor-drop-cap-view-stacked .elementor-drop-cap{background-color:#69727d;color:#fff}.elementor-widget-text-editor.elementor-drop-cap-view-framed .elementor-drop-cap{color:#69727d;border:3px solid;background-color:transparent}.elementor-widget-text-editor:not(.elementor-drop-cap-view-default) .elementor-drop-cap{margin-top:8px}.elementor-widget-text-editor:not(.elementor-drop-cap-view-default) .elementor-drop-cap-letter{width:1em;height:1em}.elementor-widget-text-editor .elementor-drop-cap{float:left;text-align:center;line-height:1;font-size:50px}.elementor-widget-text-editor .elementor-drop-cap-letter{display:inline-block}<\/style>\t\t\t\t<p>Get ready for an exciting trip, full of events in Birch Schooling! Our events calendar offers you unique opportunities to immerse yourself in the culture, the sports, the arts and global education. From sports to music recitals, lectures, inspiring and cultural festivals, there is something for everyone. Stay abreast of our upcoming events and join us for the experience Birch to the fullest. Don&#039;t miss a single event!<\/p>\t\t\t\t\t\t<\/div>\n\t\t\t\t<\/div>\n\t\t\t\t<\/div>\n\t\t<div class=\"elementor-element elementor-element-e3ef036 e-con-full e-flex elementor-invisible e-con\" data-id=\"e3ef036\" data-element_type=\"container\" data-settings=\"{&quot;content_width&quot;:&quot;full&quot;,&quot;animation&quot;:&quot;fadeInRight&quot;,&quot;ekit_has_onepagescroll_dot&quot;:&quot;yes&quot;}\">\n\t\t\t\t<div class=\"elementor-element elementor-element-cac2caf elementor-widget elementor-widget-image\" data-id=\"cac2caf\" data-element_type=\"widget\" data-settings=\"{&quot;ekit_we_effect_on&quot;:&quot;none&quot;}\" data-widget_type=\"image.default\">\n\t\t\t\t<div class=\"elementor-widget-container\">\n\t\t\t<style>\/*! elementor - v3.15.0 - 20-08-2023 *\/\n.elementor-widget-image{text-align:center}.elementor-widget-image a{display:inline-block}.elementor-widget-image a img[src$=\".svg\"]{width:48px}.elementor-widget-image img{vertical-align:middle;display:inline-block}<\/style>\t\t\t\t\t\t\t\t\t\t\t\t<img loading=\"lazy\" decoding=\"async\" width=\"793\" height=\"529\" src=\"https:\/\/abedulschooling.edu.ec\/wp-content\/uploads\/2023\/09\/main-eventos.jpg\" class=\"attachment-large size-large wp-image-862\" alt=\"\" srcset=\"https:\/\/abedulschooling.edu.ec\/wp-content\/uploads\/2023\/09\/main-eventos.jpg 793w, https:\/\/abedulschooling.edu.ec\/wp-content\/uploads\/2023\/09\/main-eventos-600x400.jpg 600w, https:\/\/abedulschooling.edu.ec\/wp-content\/uploads\/2023\/09\/main-eventos-300x200.jpg 300w, https:\/\/abedulschooling.edu.ec\/wp-content\/uploads\/2023\/09\/main-eventos-768x512.jpg 768w\" sizes=\"auto, (max-width: 793px) 100vw, 793px\" \/>\t\t\t\t\t\t\t\t\t\t\t\t\t\t\t<\/div>\n\t\t\t\t<\/div>\n\t\t\t\t<\/div>\n\t\t\t\t\t<\/div>\n\t\t\t\t<\/div>\n\t\t<div class=\"elementor-element elementor-element-2d8e2b8 e-flex e-con-boxed e-con\" data-id=\"2d8e2b8\" data-element_type=\"container\" data-settings=\"{&quot;content_width&quot;:&quot;boxed&quot;,&quot;ekit_has_onepagescroll_dot&quot;:&quot;yes&quot;}\">\n\t\t\t\t\t<div class=\"e-con-inner\">\n\t\t\t\t<div class=\"elementor-element elementor-element-1b12de0 elementor-widget elementor-widget-ova_events_calendar\" data-id=\"1b12de0\" data-element_type=\"widget\" data-settings=\"{&quot;ekit_we_effect_on&quot;:&quot;none&quot;}\" data-widget_type=\"ova_events_calendar.default\">\n\t\t\t\t<div class=\"elementor-widget-container\">\n\t\t\t\n<div class=\"ovaev_fullcalendar\" \n\t full_events='[{\"start\":\"2023-09-30 08:00\",\"end\":\"1970-01-01 \",\"url\":\"https:\\\/\\\/abedulschooling.edu.ec\\\/en\\\/event\\\/clases-de-guitarra\\\/\",\"title\":\"Clases de Guitarra\",\"desc\":\"<a href=https:\\\/\\\/abedulschooling.edu.ec\\\/en\\\/event\\\/clases-de-guitarra\\\/><img width=\\\"800\\\" height=\\\"533\\\" src=\\\"https:\\\/\\\/abedulschooling.edu.ec\\\/wp-content\\\/uploads\\\/2023\\\/09\\\/01guitarra.jpg\\\" class=\\\"attachment-post-thumbnail size-post-thumbnail wp-post-image\\\" alt=\\\"\\\" srcset=\\\"https:\\\/\\\/abedulschooling.edu.ec\\\/wp-content\\\/uploads\\\/2023\\\/09\\\/01guitarra.jpg 800w, https:\\\/\\\/abedulschooling.edu.ec\\\/wp-content\\\/uploads\\\/2023\\\/09\\\/01guitarra-600x400.jpg 600w, https:\\\/\\\/abedulschooling.edu.ec\\\/wp-content\\\/uploads\\\/2023\\\/09\\\/01guitarra-300x200.jpg 300w, https:\\\/\\\/abedulschooling.edu.ec\\\/wp-content\\\/uploads\\\/2023\\\/09\\\/01guitarra-768x512.jpg 768w\\\" sizes=\\\"(max-width: 800px) 100vw, 800px\\\" \\\/><\\\/a><p><a href=https:\\\/\\\/abedulschooling.edu.ec\\\/en\\\/event\\\/clases-de-guitarra\\\/>Clases de Guitarra<\\\/a><\\\/p>\",\"special\":\"\"}]' \n\t data-lang='es' \n\t data-button-text='{\"today\":\"today\",\"month\":\"month\",\"week\":\"week\",\"day\":\"day\",\"list\":\"list\"}' \n\t data-no-events-text='No events to display' \n\t data-all-day-text='all-day'\n\t data-first-day='1'>\n\t\t<div class=\"ovaev_events_fullcalendar\"><\/div>\n<\/div>\n\t\t<\/div>\n\t\t\t\t<\/div>\n\t\t\t\t<div class=\"elementor-element elementor-element-80c0665 elementor-widget elementor-widget-heading\" data-id=\"80c0665\" data-element_type=\"widget\" data-settings=\"{&quot;ekit_we_effect_on&quot;:&quot;none&quot;}\" data-widget_type=\"heading.default\">\n\t\t\t\t<div class=\"elementor-widget-container\">\n\t\t\t<h2 class=\"elementor-heading-title elementor-size-default\">Past Events<\/h2>\t\t<\/div>\n\t\t\t\t<\/div>\n\t\t\t\t<div class=\"elementor-element elementor-element-fb7d936 elementor-widget elementor-widget-ova_events_slide\" data-id=\"fb7d936\" data-element_type=\"widget\" data-settings=\"{&quot;pause_on_hover&quot;:&quot;yes&quot;,&quot;infinite&quot;:&quot;yes&quot;,&quot;autoplay&quot;:&quot;yes&quot;,&quot;autoplay_speed&quot;:3000,&quot;dot_control&quot;:&quot;no&quot;,&quot;nav_control&quot;:&quot;yes&quot;,&quot;ekit_we_effect_on&quot;:&quot;none&quot;}\" data-widget_type=\"ova_events_slide.default\">\n\t\t\t\t<div class=\"elementor-widget-container\">\n\t\t\t\n<div class=\"ovaev-event-element ovaev-event-slide\" >\n\t\t\n\t<div class=\"wp-content ovaev-slide owl-carousel\" data-options=\"{&quot;items&quot;:3,&quot;slideBy&quot;:1,&quot;margin&quot;:30,&quot;autoplayHoverPause&quot;:true,&quot;loop&quot;:true,&quot;autoplay&quot;:true,&quot;autoplayTimeout&quot;:3000,&quot;smartSpeed&quot;:500,&quot;dots&quot;:false,&quot;nav&quot;:true}\">\n\t\t\n<div class=\"ovaev-content\">\n\t<div class=\"type1\">\n\t\t<!-- Display Highlight Date 2 -->\n\t\t\n<div class=\"date-event\">\n\n\t<span class=\"date second_font\">\n\t\t30\t<\/span>\n\n\t<span class=\"month-year second_font\">\n\n\t\t<span class=\"month\">\n\t\t\tSep\t\t<\/span>\n\t\t\n\t\t<span class=\"year\">\n\t\t\t2023\t\t<\/span>\n\n\t<\/span>\n\n<\/div>\n\n\n\t\t<div class=\"desc\">\n\n\t\t\t<!-- Thumbnail -->\n\t\t\t\n<div class=\"event-thumbnail\">\t\n\n\t<a href=\"https:\/\/abedulschooling.edu.ec\/en\/event\/clases-de-guitarra\/\">\n\t\t<img loading=\"lazy\" decoding=\"async\" width=\"675\" height=\"450\" src=\"https:\/\/abedulschooling.edu.ec\/wp-content\/uploads\/2023\/09\/01guitarra.jpg\" class=\"attachment-ovaev_event_thumbnail size-ovaev_event_thumbnail wp-post-image\" alt=\"\" srcset=\"https:\/\/abedulschooling.edu.ec\/wp-content\/uploads\/2023\/09\/01guitarra.jpg 800w, https:\/\/abedulschooling.edu.ec\/wp-content\/uploads\/2023\/09\/01guitarra-600x400.jpg 600w, https:\/\/abedulschooling.edu.ec\/wp-content\/uploads\/2023\/09\/01guitarra-300x200.jpg 300w, https:\/\/abedulschooling.edu.ec\/wp-content\/uploads\/2023\/09\/01guitarra-768x512.jpg 768w\" sizes=\"auto, (max-width: 675px) 100vw, 675px\" \/>\t<\/a>\n\n<\/div>\n\t\t\t<div class=\"event_post\">\n\n\t\t\t\t\n<div class=\"post_cat\">\n\t<a class=\"event_type\" href=\"https:\/\/abedulschooling.edu.ec\/en\/event_category\/guitarra\/\">Guitar<\/a><\/div>\n\n\t\t\t\t\n<h2 class=\"second_font event_title\">\n\t<a href=\"https:\/\/abedulschooling.edu.ec\/en\/event\/clases-de-guitarra\/\">\n\t\tGuitar lessons\t<\/a>\n<\/h2>\n\t\t\t\t<div class=\"time-event\">\n\t\t\t\t\t\n<div class=\"time equal-date\">\n\t\n\t<span class=\"icon-time\">\n\t\t<i class=\"far fa-clock icon_event\"><\/i>\n\t<\/span>\n\n\t\t\t<span class=\"time-date-child\">\n\t\t\t<span class=\"date-child\">\n\t\t\t\tSeptember 30, 2023 @\t\t\t<\/span>\n\n\t\t\t<span> 8:00 AM<\/span>\n\n\t\t\t\t\t\t\t<a href=\"https:\/\/abedulschooling.edu.ec\/en\/event\/clases-de-guitarra\/ \" class=\"more_date_text\" data-id=\"879\">\n\t\t\t\t\t<span>, more<\/span>\t\n\t\t\t\t<\/a>\n\t\t\t\t\n\t\t<\/span>\n\t\n<\/div>\n\t\t\t\t\t\n\t<div class=\"venue\">\n\t\t\n\t\t<i class=\"fas fa-map-marker-alt icon_event\"><\/i>\n\t\t\n\t\t<span class=\"number\">\n\t\t\tSebasti\u00e1n de Benalc\u00e1zar N13, between Teresa de Cepeda y Bartolom\u00e9 Ruiz\t\t<\/span>\n\t\t\n\t<\/div>\n\t\t\t\t<\/div>\n\t\t\t\t\n\t\t\t\t<!-- Read More Button -->\n\t\t\t\t\n<div class=\"button_event\">\n\t<a class=\"view_detail second_font\" href=\"https:\/\/abedulschooling.edu.ec\/en\/event\/clases-de-guitarra\/\">\n\t\tMore details\t<\/a>\n<\/div>\t\t\t<\/div>\n\t\t<\/div>\n\t<\/div>\n<\/div>\n\t<\/div>\n\n<\/div>\t\t<\/div>\n\t\t\t\t<\/div>\n\t\t\t\t\t<\/div>\n\t\t\t\t<\/div>\n\t\t\t\t\t\t\t<\/div>","protected":false},"excerpt":{"rendered":"<p>Calendario de Eventos Vive la Experiencia Explora el Vibrante Mundo de Abedul Schooling \u00a1Prep\u00e1rate para un emocionante viaje lleno de eventos en Abedul Schooling! Nuestro calendario de eventos te ofrece oportunidades \u00fanicas para sumergirte en la cultura, el deporte, el arte y la educaci\u00f3n global. Desde competencias deportivas hasta recitales de m\u00fasica, conferencias inspiradoras y [&hellip;]<\/p>","protected":false},"author":1,"featured_media":0,"parent":0,"menu_order":0,"comment_status":"closed","ping_status":"closed","template":"","meta":{"footnotes":""},"class_list":["post-844","page","type-page","status-publish","hentry"],"_links":{"self":[{"href":"https:\/\/abedulschooling.edu.ec\/en\/wp-json\/wp\/v2\/pages\/844","targetHints":{"allow":["GET"]}}],"collection":[{"href":"https:\/\/abedulschooling.edu.ec\/en\/wp-json\/wp\/v2\/pages"}],"about":[{"href":"https:\/\/abedulschooling.edu.ec\/en\/wp-json\/wp\/v2\/types\/page"}],"author":[{"embeddable":true,"href":"https:\/\/abedulschooling.edu.ec\/en\/wp-json\/wp\/v2\/users\/1"}],"replies":[{"embeddable":true,"href":"https:\/\/abedulschooling.edu.ec\/en\/wp-json\/wp\/v2\/comments?post=844"}],"version-history":[{"count":5,"href":"https:\/\/abedulschooling.edu.ec\/en\/wp-json\/wp\/v2\/pages\/844\/revisions"}],"predecessor-version":[{"id":1015,"href":"https:\/\/abedulschooling.edu.ec\/en\/wp-json\/wp\/v2\/pages\/844\/revisions\/1015"}],"wp:attachment":[{"href":"https:\/\/abedulschooling.edu.ec\/en\/wp-json\/wp\/v2\/media?parent=844"}],"curies":[{"name":"wp","href":"https:\/\/api.w.org\/{rel}","templated":true}]}}