{"id":40,"date":"2023-07-25T08:27:39","date_gmt":"2023-07-25T13:27:39","guid":{"rendered":"https:\/\/abedulschooling.edu.ec\/?page_id=40"},"modified":"2023-07-25T08:50:04","modified_gmt":"2023-07-25T13:50:04","slug":"en-construccion-copy","status":"publish","type":"page","link":"https:\/\/abedulschooling.edu.ec\/en\/en-construccion-copy\/","title":{"rendered":"En construcci\u00f3n &#8211; Copy"},"content":{"rendered":"<div data-elementor-type=\"wp-page\" data-elementor-id=\"40\" class=\"elementor elementor-40\" data-elementor-post-type=\"page\">\n\t\t\t\t\t\t\t\t\t<section class=\"elementor-section elementor-top-section elementor-element elementor-element-45fac51 elementor-section-height-min-height elementor-section-boxed elementor-section-height-default elementor-section-items-middle\" data-id=\"45fac51\" data-element_type=\"section\" data-settings=\"{&quot;background_background&quot;:&quot;classic&quot;,&quot;ekit_has_onepagescroll_dot&quot;:&quot;yes&quot;}\">\n\t\t\t\t\t\t<div class=\"elementor-container elementor-column-gap-default\">\n\t\t\t\t\t<div class=\"elementor-column elementor-col-100 elementor-top-column elementor-element elementor-element-2d6b7097\" data-id=\"2d6b7097\" data-element_type=\"column\">\n\t\t\t<div class=\"elementor-widget-wrap elementor-element-populated\">\n\t\t\t\t\t\t\t\t<div class=\"elementor-element elementor-element-20910c3d elementor-widget elementor-widget-heading\" data-id=\"20910c3d\" data-element_type=\"widget\" data-settings=\"{&quot;ekit_we_effect_on&quot;:&quot;none&quot;}\" data-widget_type=\"heading.default\">\n\t\t\t\t<div class=\"elementor-widget-container\">\n\t\t\t<style>\/*! elementor - v3.15.0 - 20-08-2023 *\/\n.elementor-heading-title{padding:0;margin:0;line-height:1}.elementor-widget-heading .elementor-heading-title[class*=elementor-size-]>a{color:inherit;font-size:inherit;line-height:inherit}.elementor-widget-heading .elementor-heading-title.elementor-size-small{font-size:15px}.elementor-widget-heading .elementor-heading-title.elementor-size-medium{font-size:19px}.elementor-widget-heading .elementor-heading-title.elementor-size-large{font-size:29px}.elementor-widget-heading .elementor-heading-title.elementor-size-xl{font-size:39px}.elementor-widget-heading .elementor-heading-title.elementor-size-xxl{font-size:59px}<\/style><h2 class=\"elementor-heading-title elementor-size-default\">Ejecutivo de cuentas: Prueba pr\u00e1ctica<\/h2>\t\t<\/div>\n\t\t\t\t<\/div>\n\t\t\t\t<div class=\"elementor-element elementor-element-8561eb4 elementor-widget elementor-widget-text-editor\" data-id=\"8561eb4\" data-element_type=\"widget\" data-settings=\"{&quot;ekit_we_effect_on&quot;:&quot;none&quot;}\" data-widget_type=\"text-editor.default\">\n\t\t\t\t<div class=\"elementor-widget-container\">\n\t\t\t<style>\/*! elementor - v3.15.0 - 20-08-2023 *\/\n.elementor-widget-text-editor.elementor-drop-cap-view-stacked .elementor-drop-cap{background-color:#69727d;color:#fff}.elementor-widget-text-editor.elementor-drop-cap-view-framed .elementor-drop-cap{color:#69727d;border:3px solid;background-color:transparent}.elementor-widget-text-editor:not(.elementor-drop-cap-view-default) .elementor-drop-cap{margin-top:8px}.elementor-widget-text-editor:not(.elementor-drop-cap-view-default) .elementor-drop-cap-letter{width:1em;height:1em}.elementor-widget-text-editor .elementor-drop-cap{float:left;text-align:center;line-height:1;font-size:50px}.elementor-widget-text-editor .elementor-drop-cap-letter{display:inline-block}<\/style>\t\t\t\t<p>Prueba pr\u00e1ctica: Se medir\u00e1 el conocimiento en Elementor. Y se realizara preguntas en base al documento enviado. Duraci\u00f3n de la prueba: 1 hora. Todas las preguntas se deben realizar y responder en est\u00e1 p\u00e1gina de WordPress. Solo se tomar\u00e1 en cuenta lo realizado dentro de la Hora.<\/p>\n<p>Si se tienen preguntas o dudas realizarlas 10 minutos antes del filtro \u00a1\u00c9xitos!<\/p>\n<p>Consejo: Actualiza siempre la p\u00e1gina para no perder ning\u00fan cambio.<\/p>\t\t\t\t\t\t<\/div>\n\t\t\t\t<\/div>\n\t\t\t\t\t<\/div>\n\t\t<\/div>\n\t\t\t\t\t\t\t<\/div>\n\t\t<\/section>\n\t\t\t\t<section class=\"elementor-section elementor-top-section elementor-element elementor-element-6fcb95fd elementor-section-boxed elementor-section-height-default elementor-section-height-default\" data-id=\"6fcb95fd\" data-element_type=\"section\" data-settings=\"{&quot;ekit_has_onepagescroll_dot&quot;:&quot;yes&quot;}\">\n\t\t\t\t\t\t<div class=\"elementor-container elementor-column-gap-default\">\n\t\t\t\t\t<div class=\"elementor-column elementor-col-100 elementor-top-column elementor-element elementor-element-f2adc19\" data-id=\"f2adc19\" data-element_type=\"column\">\n\t\t\t<div class=\"elementor-widget-wrap elementor-element-populated\">\n\t\t\t\t\t\t\t\t<div class=\"elementor-element elementor-element-1be64be0 elementor-absolute elementor-widget elementor-widget-image\" data-id=\"1be64be0\" data-element_type=\"widget\" data-settings=\"{&quot;_position&quot;:&quot;absolute&quot;,&quot;ekit_we_effect_on&quot;:&quot;none&quot;}\" data-widget_type=\"image.default\">\n\t\t\t\t<div class=\"elementor-widget-container\">\n\t\t\t<style>\/*! elementor - v3.15.0 - 20-08-2023 *\/\n.elementor-widget-image{text-align:center}.elementor-widget-image a{display:inline-block}.elementor-widget-image a img[src$=\".svg\"]{width:48px}.elementor-widget-image img{vertical-align:middle;display:inline-block}<\/style>\t\t\t\t\t\t\t\t\t\t\t\t<img loading=\"lazy\" decoding=\"async\" width=\"279\" height=\"279\" src=\"https:\/\/abedulschooling.edu.ec\/wp-content\/uploads\/2023\/06\/Ologo4@4x-1.png\" class=\"attachment-large size-large wp-image-22\" alt=\"\" srcset=\"https:\/\/abedulschooling.edu.ec\/wp-content\/uploads\/2023\/06\/Ologo4@4x-1.png 279w, https:\/\/abedulschooling.edu.ec\/wp-content\/uploads\/2023\/06\/Ologo4@4x-1-100x100.png 100w, https:\/\/abedulschooling.edu.ec\/wp-content\/uploads\/2023\/06\/Ologo4@4x-1-150x150.png 150w\" sizes=\"auto, (max-width: 279px) 100vw, 279px\" \/>\t\t\t\t\t\t\t\t\t\t\t\t\t\t\t<\/div>\n\t\t\t\t<\/div>\n\t\t\t\t\t<\/div>\n\t\t<\/div>\n\t\t\t\t\t\t\t<\/div>\n\t\t<\/section>\n\t\t\t\t<section class=\"elementor-section elementor-top-section elementor-element elementor-element-5f037b5 elementor-section-boxed elementor-section-height-default elementor-section-height-default\" data-id=\"5f037b5\" data-element_type=\"section\" data-settings=\"{&quot;ekit_has_onepagescroll_dot&quot;:&quot;yes&quot;}\">\n\t\t\t\t\t\t<div class=\"elementor-container elementor-column-gap-default\">\n\t\t\t\t\t<div class=\"elementor-column elementor-col-100 elementor-top-column elementor-element elementor-element-b1592cd\" data-id=\"b1592cd\" data-element_type=\"column\">\n\t\t\t<div class=\"elementor-widget-wrap elementor-element-populated\">\n\t\t\t\t\t\t\t\t<div class=\"elementor-element elementor-element-a54462d elementor-widget elementor-widget-heading\" data-id=\"a54462d\" data-element_type=\"widget\" data-settings=\"{&quot;ekit_we_effect_on&quot;:&quot;none&quot;}\" data-widget_type=\"heading.default\">\n\t\t\t\t<div class=\"elementor-widget-container\">\n\t\t\t<h2 class=\"elementor-heading-title elementor-size-default\">1.Replicar la secci\u00f3n que se encuentra en la imagen utilizando herramientas de Elementor.<\/h2>\t\t<\/div>\n\t\t\t\t<\/div>\n\t\t\t\t<div class=\"elementor-element elementor-element-994bc1a elementor-widget elementor-widget-image\" data-id=\"994bc1a\" data-element_type=\"widget\" data-settings=\"{&quot;ekit_we_effect_on&quot;:&quot;none&quot;}\" data-widget_type=\"image.default\">\n\t\t\t\t<div class=\"elementor-widget-container\">\n\t\t\t\t\t\t\t\t\t\t\t\t\t\t\t<img loading=\"lazy\" decoding=\"async\" width=\"800\" height=\"392\" src=\"https:\/\/abedulschooling.edu.ec\/wp-content\/uploads\/2023\/07\/Firulais-Prueba-1024x502.png\" class=\"attachment-large size-large wp-image-44\" alt=\"\" srcset=\"https:\/\/abedulschooling.edu.ec\/wp-content\/uploads\/2023\/07\/Firulais-Prueba-1024x502.png 1024w, https:\/\/abedulschooling.edu.ec\/wp-content\/uploads\/2023\/07\/Firulais-Prueba-600x294.png 600w, https:\/\/abedulschooling.edu.ec\/wp-content\/uploads\/2023\/07\/Firulais-Prueba-300x147.png 300w, https:\/\/abedulschooling.edu.ec\/wp-content\/uploads\/2023\/07\/Firulais-Prueba-768x376.png 768w, https:\/\/abedulschooling.edu.ec\/wp-content\/uploads\/2023\/07\/Firulais-Prueba-1536x752.png 1536w, https:\/\/abedulschooling.edu.ec\/wp-content\/uploads\/2023\/07\/Firulais-Prueba.png 1762w\" sizes=\"auto, (max-width: 800px) 100vw, 800px\" \/>\t\t\t\t\t\t\t\t\t\t\t\t\t\t\t<\/div>\n\t\t\t\t<\/div>\n\t\t\t\t<div class=\"elementor-element elementor-element-2071d81 elementor-align-center elementor-widget elementor-widget-button\" data-id=\"2071d81\" data-element_type=\"widget\" data-settings=\"{&quot;ekit_we_effect_on&quot;:&quot;none&quot;}\" data-widget_type=\"button.default\">\n\t\t\t\t<div class=\"elementor-widget-container\">\n\t\t\t\t\t<div class=\"elementor-button-wrapper\">\n\t\t\t<a class=\"elementor-button elementor-button-link elementor-size-sm\" href=\"#\">\n\t\t\t\t\t\t<span class=\"elementor-button-content-wrapper\">\n\t\t\t\t\t\t<span class=\"elementor-button-text\">Mira la secci\u00f3n a replicaro dando clic aqu\u00ed<\/span>\n\t\t<\/span>\n\t\t\t\t\t<\/a>\n\t\t<\/div>\n\t\t\t\t<\/div>\n\t\t\t\t<\/div>\n\t\t\t\t\t<\/div>\n\t\t<\/div>\n\t\t\t\t\t\t\t<\/div>\n\t\t<\/section>\n\t\t\t\t<section class=\"elementor-section elementor-top-section elementor-element elementor-element-ef7461f elementor-section-boxed elementor-section-height-default elementor-section-height-default\" data-id=\"ef7461f\" data-element_type=\"section\" data-settings=\"{&quot;ekit_has_onepagescroll_dot&quot;:&quot;yes&quot;}\">\n\t\t\t\t\t\t<div class=\"elementor-container elementor-column-gap-default\">\n\t\t\t\t\t<div class=\"elementor-column elementor-col-100 elementor-top-column elementor-element elementor-element-2394edc\" data-id=\"2394edc\" data-element_type=\"column\">\n\t\t\t<div class=\"elementor-widget-wrap elementor-element-populated\">\n\t\t\t\t\t\t\t\t<div class=\"elementor-element elementor-element-932124b elementor-widget elementor-widget-heading\" data-id=\"932124b\" data-element_type=\"widget\" data-settings=\"{&quot;ekit_we_effect_on&quot;:&quot;none&quot;}\" data-widget_type=\"heading.default\">\n\t\t\t\t<div class=\"elementor-widget-container\">\n\t\t\t<h2 class=\"elementor-heading-title elementor-size-default\">2.Responde las preguntas en base al documento \"Ejecutivo de cuentas instructivo\":<\/h2>\t\t<\/div>\n\t\t\t\t<\/div>\n\t\t\t\t<div class=\"elementor-element elementor-element-f6f19c1 elementor-widget elementor-widget-text-editor\" data-id=\"f6f19c1\" data-element_type=\"widget\" data-settings=\"{&quot;ekit_we_effect_on&quot;:&quot;none&quot;}\" data-widget_type=\"text-editor.default\">\n\t\t\t\t<div class=\"elementor-widget-container\">\n\t\t\t\t\t\t\t<ol><li>\u00bfCu\u00e1les son las 8 etapas de cliente que se maneja en la agencia Firulais Studio?<\/li><li>\u00bfD\u00f3nde se recopila toda la informaci\u00f3n brindada por el cliente (Fotos, im\u00e1genes, videos, logos etc)?<\/li><li>\u00bfQu\u00e9 herramientas se utiliza para comunicarse con el cliente?<\/li><li>\u00bfEn que momento se realiza el cobro del 50% del abono restante al cliente?<\/li><li>\u00bfQu\u00e9 se hace antes\u00a0 de tener la primera reuni\u00f3n con el cliente para llenar el Brief?<\/li><li>\u00bfQu\u00e9 informaci\u00f3n se debe recopilar del cliente para realizar el Brief?<\/li><li>\u00bfC\u00f3mo asignas p\u00e1ginas web a los desarrolladores web?<\/li><li>\u00bfC\u00f3mo solicitar\u00e1s correcciones a los clientes una vez se ha le ha entregado la p\u00e1gina web?<\/li><li>\u00bfQu\u00e9 se necesita para que un cliente y su p\u00e1gina web pase a la etapa \u00abTerminado\u00bb?<\/li><li>\u00bfQu\u00e9 informaci\u00f3n es necesaria para pedir la lista de productos a los clientes?<\/li><\/ol>\t\t\t\t\t\t<\/div>\n\t\t\t\t<\/div>\n\t\t\t\t\t<\/div>\n\t\t<\/div>\n\t\t\t\t\t\t\t<\/div>\n\t\t<\/section>\n\t\t\t\t\t\t\t<\/div>","protected":false},"excerpt":{"rendered":"<p>Ejecutivo de cuentas: Prueba pr\u00e1ctica Prueba pr\u00e1ctica: Se medir\u00e1 el conocimiento en Elementor. Y se realizara preguntas en base al documento enviado. Duraci\u00f3n de la prueba: 1 hora. Todas las preguntas se deben realizar y responder en est\u00e1 p\u00e1gina de WordPress. Solo se tomar\u00e1 en cuenta lo realizado dentro de la Hora. Si se tienen [&hellip;]<\/p>","protected":false},"author":1,"featured_media":0,"parent":0,"menu_order":0,"comment_status":"closed","ping_status":"closed","template":"elementor_canvas","meta":{"footnotes":""},"class_list":["post-40","page","type-page","status-publish","hentry"],"_links":{"self":[{"href":"https:\/\/abedulschooling.edu.ec\/en\/wp-json\/wp\/v2\/pages\/40","targetHints":{"allow":["GET"]}}],"collection":[{"href":"https:\/\/abedulschooling.edu.ec\/en\/wp-json\/wp\/v2\/pages"}],"about":[{"href":"https:\/\/abedulschooling.edu.ec\/en\/wp-json\/wp\/v2\/types\/page"}],"author":[{"embeddable":true,"href":"https:\/\/abedulschooling.edu.ec\/en\/wp-json\/wp\/v2\/users\/1"}],"replies":[{"embeddable":true,"href":"https:\/\/abedulschooling.edu.ec\/en\/wp-json\/wp\/v2\/comments?post=40"}],"version-history":[{"count":15,"href":"https:\/\/abedulschooling.edu.ec\/en\/wp-json\/wp\/v2\/pages\/40\/revisions"}],"predecessor-version":[{"id":57,"href":"https:\/\/abedulschooling.edu.ec\/en\/wp-json\/wp\/v2\/pages\/40\/revisions\/57"}],"wp:attachment":[{"href":"https:\/\/abedulschooling.edu.ec\/en\/wp-json\/wp\/v2\/media?parent=40"}],"curies":[{"name":"wp","href":"https:\/\/api.w.org\/{rel}","templated":true}]}}